{"id":31,"date":"2024-06-10T17:35:38","date_gmt":"2024-06-10T15:35:38","guid":{"rendered":"https:\/\/paggqin.cluster030.hosting.ovh.net\/?page_id=31"},"modified":"2024-07-04T14:29:15","modified_gmt":"2024-07-04T12:29:15","slug":"kungfu-taichi-qigong-a-fresnes","status":"publish","type":"page","link":"https:\/\/le-cercle-des-arts-asiatiques.fr\/","title":{"rendered":"Le Cercle"},"content":{"rendered":"\n<figure class=\"wp-block-image size-large\"><img loading=\"lazy\" decoding=\"async\" width=\"889\" height=\"1024\" src=\"https:\/\/le-cercle-des-arts-asiatiques.fr\/wp-content\/uploads\/2024\/06\/1717088773013-889x1024.jpg\" alt=\"\" class=\"wp-image-91\" srcset=\"https:\/\/le-cercle-des-arts-asiatiques.fr\/wp-content\/uploads\/2024\/06\/1717088773013-889x1024.jpg 889w, https:\/\/le-cercle-des-arts-asiatiques.fr\/wp-content\/uploads\/2024\/06\/1717088773013-260x300.jpg 260w, https:\/\/le-cercle-des-arts-asiatiques.fr\/wp-content\/uploads\/2024\/06\/1717088773013-768x885.jpg 768w, https:\/\/le-cercle-des-arts-asiatiques.fr\/wp-content\/uploads\/2024\/06\/1717088773013.jpg 1080w\" sizes=\"auto, (max-width: 889px) 100vw, 889px\" \/><\/figure>\n","protected":false},"excerpt":{"rendered":"","protected":false},"author":2,"featured_media":0,"parent":0,"menu_order":0,"comment_status":"closed","ping_status":"closed","template":"","meta":{"footnotes":""},"class_list":["post-31","page","type-page","status-publish","hentry"],"yoast_head":"<!-- This site is optimized with the Yoast SEO plugin v24.2 - https:\/\/yoast.com\/wordpress\/plugins\/seo\/ -->\n<title>kungfu wushu taichi qigong \u00e0 Fresnes<\/title>\n<meta name=\"description\" content=\"arts-martiaux, kungfu, wushu, taijiquan, taichi, qigong, calligraphie, bien-\u00eatre \u00e0 Fresnes\" \/>\n<meta name=\"robots\" content=\"index, follow, max-snippet:-1, max-image-preview:large, max-video-preview:-1\" \/>\n<link rel=\"canonical\" href=\"https:\/\/le-cercle-des-arts-asiatiques.fr\/\" \/>\n<meta property=\"og:locale\" content=\"fr_FR\" \/>\n<meta property=\"og:type\" content=\"article\" \/>\n<meta property=\"og:title\" content=\"kungfu wushu taichi qigong \u00e0 Fresnes\" \/>\n<meta property=\"og:description\" content=\"arts-martiaux, kungfu, wushu, taijiquan, taichi, qigong, calligraphie, bien-\u00eatre \u00e0 Fresnes\" \/>\n<meta property=\"og:url\" content=\"https:\/\/le-cercle-des-arts-asiatiques.fr\/\" \/>\n<meta property=\"og:site_name\" content=\"Le Cercle Des Arts Asiatiques\" \/>\n<meta property=\"article:publisher\" content=\"https:\/\/www.facebook.com\/filledejade.kim\" \/>\n<meta property=\"article:modified_time\" content=\"2024-07-04T12:29:15+00:00\" \/>\n<meta property=\"og:image\" content=\"https:\/\/le-cercle-des-arts-asiatiques.fr\/wp-content\/uploads\/2024\/06\/1717088773013-889x1024.jpg\" \/>\n<meta name=\"twitter:card\" content=\"summary_large_image\" \/>\n<meta name=\"twitter:label1\" content=\"Dur\u00e9e de lecture estim\u00e9e\" \/>\n\t<meta name=\"twitter:data1\" content=\"1 minute\" \/>\n<script type=\"application\/ld+json\" class=\"yoast-schema-graph\">{\"@context\":\"https:\/\/schema.org\",\"@graph\":[{\"@type\":\"WebPage\",\"@id\":\"https:\/\/le-cercle-des-arts-asiatiques.fr\/\",\"url\":\"https:\/\/le-cercle-des-arts-asiatiques.fr\/\",\"name\":\"kungfu wushu taichi qigong \u00e0 Fresnes\",\"isPartOf\":{\"@id\":\"https:\/\/le-cercle-des-arts-asiatiques.fr\/#website\"},\"primaryImageOfPage\":{\"@id\":\"https:\/\/le-cercle-des-arts-asiatiques.fr\/#primaryimage\"},\"image\":{\"@id\":\"https:\/\/le-cercle-des-arts-asiatiques.fr\/#primaryimage\"},\"thumbnailUrl\":\"https:\/\/le-cercle-des-arts-asiatiques.fr\/wp-content\/uploads\/2024\/06\/1717088773013-889x1024.jpg\",\"datePublished\":\"2024-06-10T15:35:38+00:00\",\"dateModified\":\"2024-07-04T12:29:15+00:00\",\"description\":\"arts-martiaux, kungfu, wushu, taijiquan, taichi, qigong, calligraphie, bien-\u00eatre \u00e0 Fresnes\",\"breadcrumb\":{\"@id\":\"https:\/\/le-cercle-des-arts-asiatiques.fr\/#breadcrumb\"},\"inLanguage\":\"fr-FR\",\"potentialAction\":[{\"@type\":\"ReadAction\",\"target\":[\"https:\/\/le-cercle-des-arts-asiatiques.fr\/\"]}]},{\"@type\":\"ImageObject\",\"inLanguage\":\"fr-FR\",\"@id\":\"https:\/\/le-cercle-des-arts-asiatiques.fr\/#primaryimage\",\"url\":\"https:\/\/le-cercle-des-arts-asiatiques.fr\/wp-content\/uploads\/2024\/06\/1717088773013.jpg\",\"contentUrl\":\"https:\/\/le-cercle-des-arts-asiatiques.fr\/wp-content\/uploads\/2024\/06\/1717088773013.jpg\",\"width\":1080,\"height\":1244},{\"@type\":\"BreadcrumbList\",\"@id\":\"https:\/\/le-cercle-des-arts-asiatiques.fr\/#breadcrumb\",\"itemListElement\":[{\"@type\":\"ListItem\",\"position\":1,\"name\":\"Accueil\",\"item\":\"https:\/\/le-cercle-des-arts-asiatiques.fr\/\"},{\"@type\":\"ListItem\",\"position\":2,\"name\":\"Le Cercle\"}]},{\"@type\":\"WebSite\",\"@id\":\"https:\/\/le-cercle-des-arts-asiatiques.fr\/#website\",\"url\":\"https:\/\/le-cercle-des-arts-asiatiques.fr\/\",\"name\":\"Le Cercle Des Arts Asiatiques\",\"description\":\"Wushu, Taichi, QiGong \u00e0 Fresnes\",\"publisher\":{\"@id\":\"https:\/\/le-cercle-des-arts-asiatiques.fr\/#organization\"},\"alternateName\":\"Le Cercle\",\"potentialAction\":[{\"@type\":\"SearchAction\",\"target\":{\"@type\":\"EntryPoint\",\"urlTemplate\":\"https:\/\/le-cercle-des-arts-asiatiques.fr\/?s={search_term_string}\"},\"query-input\":{\"@type\":\"PropertyValueSpecification\",\"valueRequired\":true,\"valueName\":\"search_term_string\"}}],\"inLanguage\":\"fr-FR\"},{\"@type\":\"Organization\",\"@id\":\"https:\/\/le-cercle-des-arts-asiatiques.fr\/#organization\",\"name\":\"Le Cercle Des Arts Asiatiques\",\"alternateName\":\"Le Cercle\",\"url\":\"https:\/\/le-cercle-des-arts-asiatiques.fr\/\",\"logo\":{\"@type\":\"ImageObject\",\"inLanguage\":\"fr-FR\",\"@id\":\"https:\/\/le-cercle-des-arts-asiatiques.fr\/#\/schema\/logo\/image\/\",\"url\":\"https:\/\/le-cercle-des-arts-asiatiques.fr\/wp-content\/uploads\/2024\/07\/1717088773013.jpg\",\"contentUrl\":\"https:\/\/le-cercle-des-arts-asiatiques.fr\/wp-content\/uploads\/2024\/07\/1717088773013.jpg\",\"width\":1080,\"height\":1244,\"caption\":\"Le Cercle Des Arts Asiatiques\"},\"image\":{\"@id\":\"https:\/\/le-cercle-des-arts-asiatiques.fr\/#\/schema\/logo\/image\/\"},\"sameAs\":[\"https:\/\/www.facebook.com\/filledejade.kim\",\"https:\/\/www.instagram.com\/kim_le_cercle\/\"]}]}<\/script>\n<!-- \/ Yoast SEO plugin. -->","yoast_head_json":{"title":"kungfu wushu taichi qigong \u00e0 Fresnes","description":"arts-martiaux, kungfu, wushu, taijiquan, taichi, qigong, calligraphie, bien-\u00eatre \u00e0 Fresnes","robots":{"index":"index","follow":"follow","max-snippet":"max-snippet:-1","max-image-preview":"max-image-preview:large","max-video-preview":"max-video-preview:-1"},"canonical":"https:\/\/le-cercle-des-arts-asiatiques.fr\/","og_locale":"fr_FR","og_type":"article","og_title":"kungfu wushu taichi qigong \u00e0 Fresnes","og_description":"arts-martiaux, kungfu, wushu, taijiquan, taichi, qigong, calligraphie, bien-\u00eatre \u00e0 Fresnes","og_url":"https:\/\/le-cercle-des-arts-asiatiques.fr\/","og_site_name":"Le Cercle Des Arts Asiatiques","article_publisher":"https:\/\/www.facebook.com\/filledejade.kim","article_modified_time":"2024-07-04T12:29:15+00:00","og_image":[{"url":"https:\/\/le-cercle-des-arts-asiatiques.fr\/wp-content\/uploads\/2024\/06\/1717088773013-889x1024.jpg","type":"","width":"","height":""}],"twitter_card":"summary_large_image","twitter_misc":{"Dur\u00e9e de lecture estim\u00e9e":"1 minute"},"schema":{"@context":"https:\/\/schema.org","@graph":[{"@type":"WebPage","@id":"https:\/\/le-cercle-des-arts-asiatiques.fr\/","url":"https:\/\/le-cercle-des-arts-asiatiques.fr\/","name":"kungfu wushu taichi qigong \u00e0 Fresnes","isPartOf":{"@id":"https:\/\/le-cercle-des-arts-asiatiques.fr\/#website"},"primaryImageOfPage":{"@id":"https:\/\/le-cercle-des-arts-asiatiques.fr\/#primaryimage"},"image":{"@id":"https:\/\/le-cercle-des-arts-asiatiques.fr\/#primaryimage"},"thumbnailUrl":"https:\/\/le-cercle-des-arts-asiatiques.fr\/wp-content\/uploads\/2024\/06\/1717088773013-889x1024.jpg","datePublished":"2024-06-10T15:35:38+00:00","dateModified":"2024-07-04T12:29:15+00:00","description":"arts-martiaux, kungfu, wushu, taijiquan, taichi, qigong, calligraphie, bien-\u00eatre \u00e0 Fresnes","breadcrumb":{"@id":"https:\/\/le-cercle-des-arts-asiatiques.fr\/#breadcrumb"},"inLanguage":"fr-FR","potentialAction":[{"@type":"ReadAction","target":["https:\/\/le-cercle-des-arts-asiatiques.fr\/"]}]},{"@type":"ImageObject","inLanguage":"fr-FR","@id":"https:\/\/le-cercle-des-arts-asiatiques.fr\/#primaryimage","url":"https:\/\/le-cercle-des-arts-asiatiques.fr\/wp-content\/uploads\/2024\/06\/1717088773013.jpg","contentUrl":"https:\/\/le-cercle-des-arts-asiatiques.fr\/wp-content\/uploads\/2024\/06\/1717088773013.jpg","width":1080,"height":1244},{"@type":"BreadcrumbList","@id":"https:\/\/le-cercle-des-arts-asiatiques.fr\/#breadcrumb","itemListElement":[{"@type":"ListItem","position":1,"name":"Accueil","item":"https:\/\/le-cercle-des-arts-asiatiques.fr\/"},{"@type":"ListItem","position":2,"name":"Le Cercle"}]},{"@type":"WebSite","@id":"https:\/\/le-cercle-des-arts-asiatiques.fr\/#website","url":"https:\/\/le-cercle-des-arts-asiatiques.fr\/","name":"Le Cercle Des Arts Asiatiques","description":"Wushu, Taichi, QiGong \u00e0 Fresnes","publisher":{"@id":"https:\/\/le-cercle-des-arts-asiatiques.fr\/#organization"},"alternateName":"Le Cercle","potentialAction":[{"@type":"SearchAction","target":{"@type":"EntryPoint","urlTemplate":"https:\/\/le-cercle-des-arts-asiatiques.fr\/?s={search_term_string}"},"query-input":{"@type":"PropertyValueSpecification","valueRequired":true,"valueName":"search_term_string"}}],"inLanguage":"fr-FR"},{"@type":"Organization","@id":"https:\/\/le-cercle-des-arts-asiatiques.fr\/#organization","name":"Le Cercle Des Arts Asiatiques","alternateName":"Le Cercle","url":"https:\/\/le-cercle-des-arts-asiatiques.fr\/","logo":{"@type":"ImageObject","inLanguage":"fr-FR","@id":"https:\/\/le-cercle-des-arts-asiatiques.fr\/#\/schema\/logo\/image\/","url":"https:\/\/le-cercle-des-arts-asiatiques.fr\/wp-content\/uploads\/2024\/07\/1717088773013.jpg","contentUrl":"https:\/\/le-cercle-des-arts-asiatiques.fr\/wp-content\/uploads\/2024\/07\/1717088773013.jpg","width":1080,"height":1244,"caption":"Le Cercle Des Arts Asiatiques"},"image":{"@id":"https:\/\/le-cercle-des-arts-asiatiques.fr\/#\/schema\/logo\/image\/"},"sameAs":["https:\/\/www.facebook.com\/filledejade.kim","https:\/\/www.instagram.com\/kim_le_cercle\/"]}]}},"_links":{"self":[{"href":"https:\/\/le-cercle-des-arts-asiatiques.fr\/index.php?rest_route=\/wp\/v2\/pages\/31","targetHints":{"allow":["GET"]}}],"collection":[{"href":"https:\/\/le-cercle-des-arts-asiatiques.fr\/index.php?rest_route=\/wp\/v2\/pages"}],"about":[{"href":"https:\/\/le-cercle-des-arts-asiatiques.fr\/index.php?rest_route=\/wp\/v2\/types\/page"}],"author":[{"embeddable":true,"href":"https:\/\/le-cercle-des-arts-asiatiques.fr\/index.php?rest_route=\/wp\/v2\/users\/2"}],"replies":[{"embeddable":true,"href":"https:\/\/le-cercle-des-arts-asiatiques.fr\/index.php?rest_route=%2Fwp%2Fv2%2Fcomments&post=31"}],"version-history":[{"count":4,"href":"https:\/\/le-cercle-des-arts-asiatiques.fr\/index.php?rest_route=\/wp\/v2\/pages\/31\/revisions"}],"predecessor-version":[{"id":143,"href":"https:\/\/le-cercle-des-arts-asiatiques.fr\/index.php?rest_route=\/wp\/v2\/pages\/31\/revisions\/143"}],"wp:attachment":[{"href":"https:\/\/le-cercle-des-arts-asiatiques.fr\/index.php?rest_route=%2Fwp%2Fv2%2Fmedia&parent=31"}],"curies":[{"name":"wp","href":"https:\/\/api.w.org\/{rel}","templated":true}]}}