{"id":144,"date":"2024-07-05T15:33:39","date_gmt":"2024-07-05T13:33:39","guid":{"rendered":"https:\/\/le-cercle-des-arts-asiatiques.fr\/?page_id=144"},"modified":"2024-07-05T15:33:39","modified_gmt":"2024-07-05T13:33:39","slug":"tarifs-et-adhesion","status":"publish","type":"page","link":"https:\/\/le-cercle-des-arts-asiatiques.fr\/?page_id=144","title":{"rendered":"Tarifs et adh\u00e9sion"},"content":{"rendered":"\n<p><strong>Tarifs saison 2024 \u2013 2025<\/strong><strong><\/strong><\/p>\n\n\n\n<p>&#8211; Adh\u00e9sion club incluse dans le tarif pour un abonnement annuel. Un T-shirt club sera offert pour les nouveaux adh\u00e9rents.<\/p>\n\n\n\n<p>&#8211; Adh\u00e9sion club obligatoire : 15 euros pour les cartes d\u2019abonnement de 10 s\u00e9ances + 1 T-shirt club offert pour les&nbsp;&nbsp;&nbsp; nouveaux adh\u00e9rents.<\/p>\n\n\n\n<p>&#8211; Certificat m\u00e9dical obligatoire pour la pratique du Kung Fu \/ Wu Shu.<\/p>\n\n\n\n<p><strong>Tarifs annuels&nbsp;<\/strong><\/p>\n\n\n\n<p><strong>&nbsp;<\/strong>* Etudiants et ch\u00f4meurs sur justificatif : moins 30 euros sur les cours choisis<\/p>\n\n\n\n<p><strong>Taiji ou\/et Qi Gong &nbsp;&nbsp;&nbsp;&nbsp;&nbsp;&nbsp;&nbsp;&nbsp;&nbsp;&nbsp;&nbsp;&nbsp;&nbsp;&nbsp;&nbsp;&nbsp;&nbsp;&nbsp;&nbsp;<\/strong>&nbsp;&nbsp;&nbsp;&nbsp;&nbsp;&nbsp;&nbsp;&nbsp;&nbsp;&nbsp;&nbsp;&nbsp;&nbsp;&nbsp;&nbsp;&nbsp;&nbsp;&nbsp;&nbsp;&nbsp;&nbsp;&nbsp;&nbsp;&nbsp;&nbsp;&nbsp;&nbsp;&nbsp;&nbsp;&nbsp;&nbsp;&nbsp;<\/p>\n\n\n\n<ul class=\"wp-block-list\">\n<li>\u00a0200 euros (1 cours \/ semaine) <\/li>\n\n\n\n<li>250 euros (2 cours \/ semaine)<\/li>\n\n\n\n<li>270 euros (3 cours \/ semaine) <strong>\u00a0<\/strong><\/li>\n<\/ul>\n\n\n\n<p><strong>Kung Fu<\/strong>&nbsp;: 230 euros<\/p>\n\n\n\n<p><strong>Forfait tous les cours<\/strong>&nbsp;: 300 euros<\/p>\n\n\n\n<p><strong>Cartes d\u2019abonnement de 10 s\u00e9ances<\/strong>&nbsp;: 80 euros<\/p>\n\n\n\n<p><strong>T-Shirt Club suppl\u00e9mentaire<\/strong>\u00a0: 10 euros<\/p>\n\n\n\n<div data-wp-interactive=\"core\/file\" class=\"wp-block-file\"><object data-wp-bind--hidden=\"!state.hasPdfPreview\" hidden class=\"wp-block-file__embed\" data=\"https:\/\/le-cercle-des-arts-asiatiques.fr\/wp-content\/uploads\/2024\/07\/fiche-inscription-2024-2025.pdf\" type=\"application\/pdf\" style=\"width:100%;height:200px\" aria-label=\"Contenu embarqu\u00e9 fiche-inscription-2024-2025.\"><\/object><a id=\"wp-block-file--media-116e7771-b65b-4fc2-832e-a6ecbeab6324\" href=\"https:\/\/le-cercle-des-arts-asiatiques.fr\/wp-content\/uploads\/2024\/07\/fiche-inscription-2024-2025.pdf\">fiche-inscription-2024-2025<\/a><a href=\"https:\/\/le-cercle-des-arts-asiatiques.fr\/wp-content\/uploads\/2024\/07\/fiche-inscription-2024-2025.pdf\" class=\"wp-block-file__button wp-element-button\" download aria-describedby=\"wp-block-file--media-116e7771-b65b-4fc2-832e-a6ecbeab6324\">T\u00e9l\u00e9charger<\/a><\/div>\n","protected":false},"excerpt":{"rendered":"<p>Tarifs saison 2024 \u2013 2025 &#8211; Adh\u00e9sion club incluse dans le tarif pour un abonnement annuel. Un T-shirt club sera offert pour les nouveaux adh\u00e9rents. &#8211; Adh\u00e9sion club obligatoire : 15 euros pour les cartes d\u2019abonnement de 10 s\u00e9ances + 1 T-shirt club offert pour les&nbsp;&nbsp;&nbsp; nouveaux adh\u00e9rents. &#8211; Certificat m\u00e9dical obligatoire pour la pratique [&hellip;]<\/p>\n","protected":false},"author":2,"featured_media":0,"parent":0,"menu_order":0,"comment_status":"closed","ping_status":"closed","template":"","meta":{"footnotes":""},"class_list":["post-144","page","type-page","status-publish","hentry"],"yoast_head":"<!-- This site is optimized with the Yoast SEO plugin v24.2 - https:\/\/yoast.com\/wordpress\/plugins\/seo\/ -->\n<title>Tarifs et adh\u00e9sion - Le Cercle Des Arts Asiatiques<\/title>\n<meta name=\"robots\" content=\"index, follow, max-snippet:-1, max-image-preview:large, max-video-preview:-1\" \/>\n<link rel=\"canonical\" href=\"https:\/\/le-cercle-des-arts-asiatiques.fr\/?page_id=144\" \/>\n<meta property=\"og:locale\" content=\"fr_FR\" \/>\n<meta property=\"og:type\" content=\"article\" \/>\n<meta property=\"og:title\" content=\"Tarifs et adh\u00e9sion - Le Cercle Des Arts Asiatiques\" \/>\n<meta property=\"og:description\" content=\"Tarifs saison 2024 \u2013 2025 &#8211; Adh\u00e9sion club incluse dans le tarif pour un abonnement annuel. Un T-shirt club sera offert pour les nouveaux adh\u00e9rents. &#8211; Adh\u00e9sion club obligatoire : 15 euros pour les cartes d\u2019abonnement de 10 s\u00e9ances + 1 T-shirt club offert pour les&nbsp;&nbsp;&nbsp; nouveaux adh\u00e9rents. &#8211; Certificat m\u00e9dical obligatoire pour la pratique [&hellip;]\" \/>\n<meta property=\"og:url\" content=\"https:\/\/le-cercle-des-arts-asiatiques.fr\/?page_id=144\" \/>\n<meta property=\"og:site_name\" content=\"Le Cercle Des Arts Asiatiques\" \/>\n<meta property=\"article:publisher\" content=\"https:\/\/www.facebook.com\/filledejade.kim\" \/>\n<meta name=\"twitter:card\" content=\"summary_large_image\" \/>\n<meta name=\"twitter:label1\" content=\"Dur\u00e9e de lecture estim\u00e9e\" \/>\n\t<meta name=\"twitter:data1\" content=\"1 minute\" \/>\n<script type=\"application\/ld+json\" class=\"yoast-schema-graph\">{\"@context\":\"https:\/\/schema.org\",\"@graph\":[{\"@type\":\"WebPage\",\"@id\":\"https:\/\/le-cercle-des-arts-asiatiques.fr\/?page_id=144\",\"url\":\"https:\/\/le-cercle-des-arts-asiatiques.fr\/?page_id=144\",\"name\":\"Tarifs et adh\u00e9sion - Le Cercle Des Arts Asiatiques\",\"isPartOf\":{\"@id\":\"https:\/\/le-cercle-des-arts-asiatiques.fr\/#website\"},\"datePublished\":\"2024-07-05T13:33:39+00:00\",\"dateModified\":\"2024-07-05T13:33:39+00:00\",\"breadcrumb\":{\"@id\":\"https:\/\/le-cercle-des-arts-asiatiques.fr\/?page_id=144#breadcrumb\"},\"inLanguage\":\"fr-FR\",\"potentialAction\":[{\"@type\":\"ReadAction\",\"target\":[\"https:\/\/le-cercle-des-arts-asiatiques.fr\/?page_id=144\"]}]},{\"@type\":\"BreadcrumbList\",\"@id\":\"https:\/\/le-cercle-des-arts-asiatiques.fr\/?page_id=144#breadcrumb\",\"itemListElement\":[{\"@type\":\"ListItem\",\"position\":1,\"name\":\"Accueil\",\"item\":\"https:\/\/le-cercle-des-arts-asiatiques.fr\/\"},{\"@type\":\"ListItem\",\"position\":2,\"name\":\"Tarifs et adh\u00e9sion\"}]},{\"@type\":\"WebSite\",\"@id\":\"https:\/\/le-cercle-des-arts-asiatiques.fr\/#website\",\"url\":\"https:\/\/le-cercle-des-arts-asiatiques.fr\/\",\"name\":\"Le Cercle Des Arts Asiatiques\",\"description\":\"Wushu, Taichi, QiGong \u00e0 Fresnes\",\"publisher\":{\"@id\":\"https:\/\/le-cercle-des-arts-asiatiques.fr\/#organization\"},\"alternateName\":\"Le Cercle\",\"potentialAction\":[{\"@type\":\"SearchAction\",\"target\":{\"@type\":\"EntryPoint\",\"urlTemplate\":\"https:\/\/le-cercle-des-arts-asiatiques.fr\/?s={search_term_string}\"},\"query-input\":{\"@type\":\"PropertyValueSpecification\",\"valueRequired\":true,\"valueName\":\"search_term_string\"}}],\"inLanguage\":\"fr-FR\"},{\"@type\":\"Organization\",\"@id\":\"https:\/\/le-cercle-des-arts-asiatiques.fr\/#organization\",\"name\":\"Le Cercle Des Arts Asiatiques\",\"alternateName\":\"Le Cercle\",\"url\":\"https:\/\/le-cercle-des-arts-asiatiques.fr\/\",\"logo\":{\"@type\":\"ImageObject\",\"inLanguage\":\"fr-FR\",\"@id\":\"https:\/\/le-cercle-des-arts-asiatiques.fr\/#\/schema\/logo\/image\/\",\"url\":\"https:\/\/le-cercle-des-arts-asiatiques.fr\/wp-content\/uploads\/2024\/07\/1717088773013.jpg\",\"contentUrl\":\"https:\/\/le-cercle-des-arts-asiatiques.fr\/wp-content\/uploads\/2024\/07\/1717088773013.jpg\",\"width\":1080,\"height\":1244,\"caption\":\"Le Cercle Des Arts Asiatiques\"},\"image\":{\"@id\":\"https:\/\/le-cercle-des-arts-asiatiques.fr\/#\/schema\/logo\/image\/\"},\"sameAs\":[\"https:\/\/www.facebook.com\/filledejade.kim\",\"https:\/\/www.instagram.com\/kim_le_cercle\/\"]}]}<\/script>\n<!-- \/ Yoast SEO plugin. -->","yoast_head_json":{"title":"Tarifs et adh\u00e9sion - Le Cercle Des Arts Asiatiques","robots":{"index":"index","follow":"follow","max-snippet":"max-snippet:-1","max-image-preview":"max-image-preview:large","max-video-preview":"max-video-preview:-1"},"canonical":"https:\/\/le-cercle-des-arts-asiatiques.fr\/?page_id=144","og_locale":"fr_FR","og_type":"article","og_title":"Tarifs et adh\u00e9sion - Le Cercle Des Arts Asiatiques","og_description":"Tarifs saison 2024 \u2013 2025 &#8211; Adh\u00e9sion club incluse dans le tarif pour un abonnement annuel. Un T-shirt club sera offert pour les nouveaux adh\u00e9rents. &#8211; Adh\u00e9sion club obligatoire : 15 euros pour les cartes d\u2019abonnement de 10 s\u00e9ances + 1 T-shirt club offert pour les&nbsp;&nbsp;&nbsp; nouveaux adh\u00e9rents. &#8211; Certificat m\u00e9dical obligatoire pour la pratique [&hellip;]","og_url":"https:\/\/le-cercle-des-arts-asiatiques.fr\/?page_id=144","og_site_name":"Le Cercle Des Arts Asiatiques","article_publisher":"https:\/\/www.facebook.com\/filledejade.kim","twitter_card":"summary_large_image","twitter_misc":{"Dur\u00e9e de lecture estim\u00e9e":"1 minute"},"schema":{"@context":"https:\/\/schema.org","@graph":[{"@type":"WebPage","@id":"https:\/\/le-cercle-des-arts-asiatiques.fr\/?page_id=144","url":"https:\/\/le-cercle-des-arts-asiatiques.fr\/?page_id=144","name":"Tarifs et adh\u00e9sion - Le Cercle Des Arts Asiatiques","isPartOf":{"@id":"https:\/\/le-cercle-des-arts-asiatiques.fr\/#website"},"datePublished":"2024-07-05T13:33:39+00:00","dateModified":"2024-07-05T13:33:39+00:00","breadcrumb":{"@id":"https:\/\/le-cercle-des-arts-asiatiques.fr\/?page_id=144#breadcrumb"},"inLanguage":"fr-FR","potentialAction":[{"@type":"ReadAction","target":["https:\/\/le-cercle-des-arts-asiatiques.fr\/?page_id=144"]}]},{"@type":"BreadcrumbList","@id":"https:\/\/le-cercle-des-arts-asiatiques.fr\/?page_id=144#breadcrumb","itemListElement":[{"@type":"ListItem","position":1,"name":"Accueil","item":"https:\/\/le-cercle-des-arts-asiatiques.fr\/"},{"@type":"ListItem","position":2,"name":"Tarifs et adh\u00e9sion"}]},{"@type":"WebSite","@id":"https:\/\/le-cercle-des-arts-asiatiques.fr\/#website","url":"https:\/\/le-cercle-des-arts-asiatiques.fr\/","name":"Le Cercle Des Arts Asiatiques","description":"Wushu, Taichi, QiGong \u00e0 Fresnes","publisher":{"@id":"https:\/\/le-cercle-des-arts-asiatiques.fr\/#organization"},"alternateName":"Le Cercle","potentialAction":[{"@type":"SearchAction","target":{"@type":"EntryPoint","urlTemplate":"https:\/\/le-cercle-des-arts-asiatiques.fr\/?s={search_term_string}"},"query-input":{"@type":"PropertyValueSpecification","valueRequired":true,"valueName":"search_term_string"}}],"inLanguage":"fr-FR"},{"@type":"Organization","@id":"https:\/\/le-cercle-des-arts-asiatiques.fr\/#organization","name":"Le Cercle Des Arts Asiatiques","alternateName":"Le Cercle","url":"https:\/\/le-cercle-des-arts-asiatiques.fr\/","logo":{"@type":"ImageObject","inLanguage":"fr-FR","@id":"https:\/\/le-cercle-des-arts-asiatiques.fr\/#\/schema\/logo\/image\/","url":"https:\/\/le-cercle-des-arts-asiatiques.fr\/wp-content\/uploads\/2024\/07\/1717088773013.jpg","contentUrl":"https:\/\/le-cercle-des-arts-asiatiques.fr\/wp-content\/uploads\/2024\/07\/1717088773013.jpg","width":1080,"height":1244,"caption":"Le Cercle Des Arts Asiatiques"},"image":{"@id":"https:\/\/le-cercle-des-arts-asiatiques.fr\/#\/schema\/logo\/image\/"},"sameAs":["https:\/\/www.facebook.com\/filledejade.kim","https:\/\/www.instagram.com\/kim_le_cercle\/"]}]}},"_links":{"self":[{"href":"https:\/\/le-cercle-des-arts-asiatiques.fr\/index.php?rest_route=\/wp\/v2\/pages\/144","targetHints":{"allow":["GET"]}}],"collection":[{"href":"https:\/\/le-cercle-des-arts-asiatiques.fr\/index.php?rest_route=\/wp\/v2\/pages"}],"about":[{"href":"https:\/\/le-cercle-des-arts-asiatiques.fr\/index.php?rest_route=\/wp\/v2\/types\/page"}],"author":[{"embeddable":true,"href":"https:\/\/le-cercle-des-arts-asiatiques.fr\/index.php?rest_route=\/wp\/v2\/users\/2"}],"replies":[{"embeddable":true,"href":"https:\/\/le-cercle-des-arts-asiatiques.fr\/index.php?rest_route=%2Fwp%2Fv2%2Fcomments&post=144"}],"version-history":[{"count":1,"href":"https:\/\/le-cercle-des-arts-asiatiques.fr\/index.php?rest_route=\/wp\/v2\/pages\/144\/revisions"}],"predecessor-version":[{"id":146,"href":"https:\/\/le-cercle-des-arts-asiatiques.fr\/index.php?rest_route=\/wp\/v2\/pages\/144\/revisions\/146"}],"wp:attachment":[{"href":"https:\/\/le-cercle-des-arts-asiatiques.fr\/index.php?rest_route=%2Fwp%2Fv2%2Fmedia&parent=144"}],"curies":[{"name":"wp","href":"https:\/\/api.w.org\/{rel}","templated":true}]}}